{"id":308,"date":"2020-01-13T11:17:52","date_gmt":"2020-01-13T11:17:52","guid":{"rendered":"https:\/\/demosites.io\/web-agency-gb\/?page_id=5"},"modified":"2021-12-15T14:28:19","modified_gmt":"2021-12-15T14:28:19","slug":"15c42-web-agency-gb-home","status":"publish","type":"page","link":"https:\/\/scorexcompany.com\/","title":{"rendered":"SCOREX COMPANY"},"content":{"rendered":"\n<div class=\"wp-block-image\"><figure class=\"aligncenter size-medium is-resized\"><img loading=\"lazy\" decoding=\"async\" src=\"http:\/\/scorexcompany.com\/wp-content\/uploads\/2021\/10\/Scorex-Header-300x225.png\" alt=\"\" class=\"wp-image-403\" width=\"584\" height=\"438\" srcset=\"https:\/\/scorexcompany.com\/wp-content\/uploads\/2021\/10\/Scorex-Header-300x225.png 300w, https:\/\/scorexcompany.com\/wp-content\/uploads\/2021\/10\/Scorex-Header-1024x768.png 1024w, https:\/\/scorexcompany.com\/wp-content\/uploads\/2021\/10\/Scorex-Header-768x576.png 768w, https:\/\/scorexcompany.com\/wp-content\/uploads\/2021\/10\/Scorex-Header-1536x1152.png 1536w, https:\/\/scorexcompany.com\/wp-content\/uploads\/2021\/10\/Scorex-Header.png 2000w\" sizes=\"auto, (max-width: 584px) 100vw, 584px\" \/><\/figure><\/div>\n\n\n\n<div class=\"wp-block-columns is-layout-flex wp-container-core-columns-is-layout-9d6595d7 wp-block-columns-is-layout-flex\">\n<div class=\"wp-block-column is-layout-flow wp-block-column-is-layout-flow\">\n<div class=\"wp-block-image icon-style is-style-rounded\"><figure class=\"aligncenter size-large\"><img loading=\"lazy\" decoding=\"async\" width=\"72\" height=\"72\" src=\"http:\/\/scorexcompany.com\/wp-content\/uploads\/2020\/01\/neve-webdesign-GB-03.png\" alt=\"\" class=\"wp-image-20\" title=\"\"\/><\/figure><\/div>\n\n\n\n<h3 class=\"has-text-align-center has-neve-text-color-color has-text-color wp-block-heading\">Excelencia<\/h3>\n\n\n\n<p class=\"has-text-align-center\">Dedicamos todo nuestro conocimiento y capacidad para lograr productos de alt\u00edsima calidad en un mundo cambiante que nos presenta grandes retos d\u00eda tras dia. Todos nuestros clientes deben estar satisfechos plenamente de nuestro trabajo y del valor agregado que aportamos al desarrollo de su labor.<\/p>\n\n\n\n<div style=\"height:20px\" aria-hidden=\"true\" class=\"wp-block-spacer\"><\/div>\n<\/div>\n\n\n\n<div class=\"wp-block-column is-layout-flow wp-block-column-is-layout-flow\">\n<div class=\"wp-block-image icon-style is-style-rounded\"><figure class=\"aligncenter size-large\"><img loading=\"lazy\" decoding=\"async\" width=\"72\" height=\"72\" src=\"http:\/\/scorexcompany.com\/wp-content\/uploads\/2020\/01\/neve-webdesign-GB-04.png\" alt=\"\" class=\"wp-image-21\"\/><\/figure><\/div>\n\n\n\n<h3 class=\"has-text-align-center has-neve-text-color-color has-text-color wp-block-heading\">Adaptabilidad<\/h3>\n\n\n\n<p class=\"has-text-align-center\">Sabemos que cada cliente tiene unos objetivos espec\u00edficos y nos ajustamos a sus necesidades para lograr que nuestro trabajo impacte sus resultados de manera positiva.<br>Creamos contenidos novedosos adapt\u00e1ndonos a las nuevas tecnolog\u00edas y a un mundo que se transforma de forma permanente<\/p>\n\n\n\n<div style=\"height:20px\" aria-hidden=\"true\" class=\"wp-block-spacer\"><\/div>\n<\/div>\n\n\n\n<div class=\"wp-block-column is-layout-flow wp-block-column-is-layout-flow\">\n<div class=\"wp-block-image icon-style is-style-rounded\"><figure class=\"aligncenter size-large\"><img loading=\"lazy\" decoding=\"async\" width=\"72\" height=\"72\" src=\"http:\/\/scorexcompany.com\/wp-content\/uploads\/2020\/01\/neve-webdesign-GB-01.png\" alt=\"\" class=\"wp-image-18\"\/><\/figure><\/div>\n\n\n\n<h3 class=\"has-text-align-center has-neve-text-color-color has-text-color wp-block-heading\">Diligencia<\/h3>\n\n\n\n<p class=\"has-text-align-center\">Atentos siempre a resolver los requerimientos de nuestros clientes con la mayor prontitud y eficacia. <\/p>\n\n\n\n<p class=\"has-text-align-center\">Manejamos el mas alto sentido del esmero en la ejecuci\u00f3n de nuestras tareas, conjug\u00e1ndolo con el valor del tiempo y la pertinencia de la acci\u00f3n. <\/p>\n\n\n\n<div style=\"height:20px\" aria-hidden=\"true\" class=\"wp-block-spacer\"><\/div>\n<\/div>\n<\/div>\n\n\n\n<div style=\"height:80px\" aria-hidden=\"true\" class=\"wp-block-spacer\"><\/div>\n\n\n\n<div class=\"wp-block-cover alignfull has-nv-light-bg-background-color has-background-dim\" style=\"min-height:600px;aspect-ratio:unset;\"><div class=\"wp-block-cover__inner-container is-layout-flow wp-block-cover-is-layout-flow\">\n<div class=\"wp-block-group\"><div class=\"wp-block-group__inner-container is-layout-flow wp-block-group-is-layout-flow\">\n<div style=\"height:80px\" aria-hidden=\"true\" class=\"wp-block-spacer\"><\/div>\n\n\n\n<div class=\"wp-block-columns are-vertically-aligned-center is-layout-flex wp-container-core-columns-is-layout-9d6595d7 wp-block-columns-is-layout-flex\">\n<div class=\"wp-block-column is-vertically-aligned-center is-layout-flow wp-block-column-is-layout-flow\" style=\"flex-basis:50%\">\n<figure class=\"wp-block-image size-full is-resized\"><img decoding=\"async\" src=\"http:\/\/scorexcompany.com\/wp-content\/uploads\/2021\/10\/woman-500703_640.jpg\" alt=\"\" class=\"wp-image-390\" height=\"489\" srcset=\"https:\/\/scorexcompany.com\/wp-content\/uploads\/2021\/10\/woman-500703_640.jpg 640w, https:\/\/scorexcompany.com\/wp-content\/uploads\/2021\/10\/woman-500703_640-300x225.jpg 300w\" sizes=\"(max-width: 640px) 100vw, 640px\" \/><\/figure>\n<\/div>\n\n\n\n<div class=\"wp-block-column is-vertically-aligned-center is-layout-flow wp-block-column-is-layout-flow\" style=\"flex-basis:50%\">\n<div style=\"height:20px\" aria-hidden=\"true\" class=\"wp-block-spacer\"><\/div>\n\n\n\n<p class=\"has-text-align-left has-neve-text-color-color has-text-color\" style=\"font-size:17px\"> \u201dUn buen acceso a financiamiento mejora el bienestar general de un pa\u00eds, ya que permite que la poblaci\u00f3n prospere y maneje mejor sus necesidades, ampl\u00ede sus oportunidades y mejore sus niveles de vida. Cuando las personas son incluidas en el sistema financiero, es m\u00e1s f\u00e1cil administrar el consumo, los pagos y el ahorro; tener mayor acceso a vivienda, atenci\u00f3n de salud y educaci\u00f3n; iniciar un peque\u00f1o negocio, y usar mecanismos de seguros frente a las crisis. El financiamiento tambi\u00e9n ayuda a tener condiciones equitativas, haciendo que la riqueza y las conexiones revistan menos importancia\u201d -Banco Mundial <\/p>\n\n\n\n<div class=\"wp-block-buttons is-content-justification-left is-layout-flex wp-block-buttons-is-layout-flex\"><\/div>\n<\/div>\n<\/div>\n\n\n\n<div style=\"height:40px\" aria-hidden=\"true\" class=\"wp-block-spacer\"><\/div>\n<\/div><\/div>\n<\/div><\/div>\n\n\n\n<div style=\"height:40px\" aria-hidden=\"true\" class=\"wp-block-spacer\"><\/div>\n\n\n\n<div class=\"wp-block-cover alignfull has-nv-site-bg-background-color has-background-dim\" style=\"min-height:600px;aspect-ratio:unset;\"><div class=\"wp-block-cover__inner-container is-layout-flow wp-block-cover-is-layout-flow\">\n<div class=\"wp-block-group\"><div class=\"wp-block-group__inner-container is-layout-flow wp-block-group-is-layout-flow\">\n<div style=\"height:80px\" aria-hidden=\"true\" class=\"wp-block-spacer\"><\/div>\n\n\n\n<h2 class=\"has-neve-text-color-color has-text-color wp-block-heading\">MODELOS DE RIESGO CREDITICIO<\/h2>\n\n\n\n<div style=\"height:20px\" aria-hidden=\"true\" class=\"wp-block-spacer\"><\/div>\n\n\n\n<div class=\"wp-block-columns are-vertically-aligned-center is-layout-flex wp-container-core-columns-is-layout-9d6595d7 wp-block-columns-is-layout-flex\">\n<div class=\"wp-block-column is-vertically-aligned-center is-layout-flow wp-block-column-is-layout-flow\" style=\"flex-basis:50%\">\n<figure class=\"wp-block-image size-large\"><a href=\"http:\/\/scorexcompany.com\/index.php\/modelo-scoring-de-cobranza\/\"><img loading=\"lazy\" decoding=\"async\" width=\"1024\" height=\"768\" src=\"http:\/\/scorexcompany.com\/wp-content\/uploads\/2021\/10\/Cobranza-edited-1024x768.jpg\" alt=\"modelo financiero de cobranza\" class=\"wp-image-359\" srcset=\"https:\/\/scorexcompany.com\/wp-content\/uploads\/2021\/10\/Cobranza-edited-1024x768.jpg 1024w, https:\/\/scorexcompany.com\/wp-content\/uploads\/2021\/10\/Cobranza-edited-300x225.jpg 300w, https:\/\/scorexcompany.com\/wp-content\/uploads\/2021\/10\/Cobranza-edited-768x576.jpg 768w, https:\/\/scorexcompany.com\/wp-content\/uploads\/2021\/10\/Cobranza-edited-1536x1153.jpg 1536w, https:\/\/scorexcompany.com\/wp-content\/uploads\/2021\/10\/Cobranza-edited-2048x1537.jpg 2048w\" sizes=\"auto, (max-width: 1024px) 100vw, 1024px\" \/><\/a><\/figure>\n\n\n\n<h4 class=\"wp-block-heading\"><strong><span class=\"has-inline-color has-neve-text-color-color\"><a href=\"http:\/\/scorexcompany.com\/index.php\/modelo-scoring-de-cobranza\/\">MODELO DE SCORING DE COBRANZA<\/a><\/span><\/strong><\/h4>\n\n\n\n<figure class=\"wp-block-image size-large\"><a href=\"http:\/\/scorexcompany.com\/index.php\/modelo-de-estimacion-de-probabilidad-de-insolvencia\/\"><img loading=\"lazy\" decoding=\"async\" width=\"1024\" height=\"654\" src=\"http:\/\/scorexcompany.com\/wp-content\/uploads\/2021\/10\/Insolvencia-1024x654.jpg\" alt=\"modelo de insolvencia de empresas\" class=\"wp-image-357\" srcset=\"https:\/\/scorexcompany.com\/wp-content\/uploads\/2021\/10\/Insolvencia-1024x654.jpg 1024w, https:\/\/scorexcompany.com\/wp-content\/uploads\/2021\/10\/Insolvencia-300x192.jpg 300w, https:\/\/scorexcompany.com\/wp-content\/uploads\/2021\/10\/Insolvencia-768x491.jpg 768w, https:\/\/scorexcompany.com\/wp-content\/uploads\/2021\/10\/Insolvencia-1536x982.jpg 1536w, https:\/\/scorexcompany.com\/wp-content\/uploads\/2021\/10\/Insolvencia-2048x1309.jpg 2048w\" sizes=\"auto, (max-width: 1024px) 100vw, 1024px\" \/><\/a><\/figure>\n\n\n\n<h4 class=\"wp-block-heading\"><strong><span class=\"has-inline-color has-neve-text-color-color\"><a href=\"http:\/\/scorexcompany.com\/index.php\/modelo-de-aprobacion-para-clientes-nuevos-de-consumo-hipotecario-o-vehiculos\/\">MODELO DE APROBACI\u00d3N PARA CLIENTES NUEVOS DE CONSUMO, HIPOTECARIO o VEH\u00cdCULOS<\/a><\/span><\/strong><\/h4>\n\n\n\n<div style=\"height:40px\" aria-hidden=\"true\" class=\"wp-block-spacer\"><\/div>\n<\/div>\n\n\n\n<div class=\"wp-block-column is-vertically-aligned-center is-layout-flow wp-block-column-is-layout-flow\" style=\"flex-basis:50%\">\n<figure class=\"wp-block-image size-large\"><a href=\"http:\/\/scorexcompany.com\/index.php\/modelo-de-aprobacion-para-clientes-nuevos-de-consumo-hipotecario-o-vehiculos\/\"><img loading=\"lazy\" decoding=\"async\" width=\"1024\" height=\"769\" src=\"http:\/\/scorexcompany.com\/wp-content\/uploads\/2021\/10\/Credito-1024x769.jpg\" alt=\"modelo financiero de aprobacion para clientes\" class=\"wp-image-360\" srcset=\"https:\/\/scorexcompany.com\/wp-content\/uploads\/2021\/10\/Credito-1024x769.jpg 1024w, https:\/\/scorexcompany.com\/wp-content\/uploads\/2021\/10\/Credito-300x225.jpg 300w, https:\/\/scorexcompany.com\/wp-content\/uploads\/2021\/10\/Credito-768x577.jpg 768w, https:\/\/scorexcompany.com\/wp-content\/uploads\/2021\/10\/Credito-1536x1153.jpg 1536w, https:\/\/scorexcompany.com\/wp-content\/uploads\/2021\/10\/Credito-2048x1538.jpg 2048w\" sizes=\"auto, (max-width: 1024px) 100vw, 1024px\" \/><\/a><\/figure>\n\n\n\n<h4 class=\"wp-block-heading\"><strong><span class=\"has-inline-color has-neve-text-color-color\"><a href=\"http:\/\/scorexcompany.com\/index.php\/modelo-de-estimacion-de-probabilidad-de-insolvencia\/\">MODELO DE ESTIMACI\u00d3N DE PROBABILIDAD DE INSOLVENCIA DE LAS EMPRESAS<\/a><\/span><\/strong><\/h4>\n\n\n\n<figure class=\"wp-block-image size-full\"><img loading=\"lazy\" decoding=\"async\" width=\"600\" height=\"400\" src=\"http:\/\/scorexcompany.com\/wp-content\/uploads\/2021\/10\/image.png\" alt=\"\" class=\"wp-image-328\" srcset=\"https:\/\/scorexcompany.com\/wp-content\/uploads\/2021\/10\/image.png 600w, https:\/\/scorexcompany.com\/wp-content\/uploads\/2021\/10\/image-300x200.png 300w\" sizes=\"auto, (max-width: 600px) 100vw, 600px\" \/><\/figure>\n\n\n\n<h4 class=\"wp-block-heading\"><span class=\"has-inline-color has-neve-text-color-color\">CAPACITACI\u00d3N Y FORMACI\u00d3N<\/span><\/h4>\n\n\n\n<div style=\"height:40px\" aria-hidden=\"true\" class=\"wp-block-spacer\"><\/div>\n\n\n\n<p><\/p>\n<\/div>\n<\/div>\n<\/div><\/div>\n<\/div><\/div>\n\n\n\n<div class=\"wp-block-cover alignfull has-nv-dark-bg-background-color has-background-dim\" style=\"min-height:846px;aspect-ratio:unset;\"><div class=\"wp-block-cover__inner-container is-layout-flow wp-block-cover-is-layout-flow\">\n<div style=\"height:140px\" aria-hidden=\"true\" class=\"wp-block-spacer\"><\/div>\n\n\n\n<h2 class=\"has-text-align-center wp-block-heading\">Lo administraci\u00f3n del riesgo crediticio es vital para el \u00e9xito de su empresa.<\/h2>\n\n\n\n<h2 class=\"has-text-align-center wp-block-heading\"><br>Scorex la soluci\u00f3n para este prop\u00f3sito<\/h2>\n\n\n\n<div class=\"wp-block-buttons is-content-justification-center is-layout-flex wp-block-buttons-is-layout-flex\">\n<div class=\"wp-block-button has-custom-width wp-block-button__width-75 is-style-primary\"><a class=\"wp-block-button__link\" href=\"http:\/\/scorexcompany.com\/index.php\/contact-us\/\">CONT\u00c1CTANOS<\/a><\/div>\n<\/div>\n\n\n\n<div style=\"height:140px\" aria-hidden=\"true\" class=\"wp-block-spacer\"><\/div>\n<\/div><\/div>\n\n\n\n<div class=\"wp-block-columns is-layout-flex wp-container-core-columns-is-layout-9d6595d7 wp-block-columns-is-layout-flex\">\n<div class=\"wp-block-column is-layout-flow wp-block-column-is-layout-flow\" style=\"flex-basis:100%\"><\/div>\n<\/div>\n\n\n\n<div class=\"wp-block-image\"><figure class=\"aligncenter size-medium\"><img loading=\"lazy\" decoding=\"async\" width=\"300\" height=\"225\" src=\"http:\/\/scorexcompany.com\/wp-content\/uploads\/2021\/10\/Scorex-Header-300x225.png\" alt=\"\" class=\"wp-image-403\" srcset=\"https:\/\/scorexcompany.com\/wp-content\/uploads\/2021\/10\/Scorex-Header-300x225.png 300w, https:\/\/scorexcompany.com\/wp-content\/uploads\/2021\/10\/Scorex-Header-1024x768.png 1024w, https:\/\/scorexcompany.com\/wp-content\/uploads\/2021\/10\/Scorex-Header-768x576.png 768w, https:\/\/scorexcompany.com\/wp-content\/uploads\/2021\/10\/Scorex-Header-1536x1152.png 1536w, https:\/\/scorexcompany.com\/wp-content\/uploads\/2021\/10\/Scorex-Header.png 2000w\" sizes=\"auto, (max-width: 300px) 100vw, 300px\" \/><\/figure><\/div>\n","protected":false},"excerpt":{"rendered":"<p>Excelencia Dedicamos todo nuestro conocimiento y capacidad para lograr productos de alt\u00edsima calidad en un mundo cambiante que nos presenta grandes retos d\u00eda tras dia. Todos nuestros clientes deben estar satisfechos plenamente de nuestro trabajo y del valor agregado que aportamos al desarrollo de su labor. Adaptabilidad Sabemos que cada cliente tiene unos objetivos espec\u00edficos&hellip;&nbsp;<a href=\"https:\/\/scorexcompany.com\/\" class=\"\" rel=\"bookmark\">Read More &raquo;<span class=\"screen-reader-text\">SCOREX COMPANY<\/span><\/a><\/p>\n","protected":false},"author":1,"featured_media":0,"parent":0,"menu_order":0,"comment_status":"closed","ping_status":"closed","template":"","meta":{"om_disable_all_campaigns":false,"_monsterinsights_skip_tracking":false,"_monsterinsights_sitenote_active":false,"_monsterinsights_sitenote_note":"","_monsterinsights_sitenote_category":0,"neve_meta_sidebar":"default","neve_meta_container":"default","neve_meta_enable_content_width":"on","neve_meta_content_width":100,"neve_meta_title_alignment":"","neve_meta_author_avatar":"","neve_post_elements_order":"","neve_meta_disable_header":"","neve_meta_disable_footer":"","neve_meta_disable_title":"on","_ti_tpc_template_sync":false,"_ti_tpc_template_id":"cwhkd9lki581rusuhjti","footnotes":""},"class_list":["post-308","page","type-page","status-publish","hentry"],"aioseo_notices":[],"_links":{"self":[{"href":"https:\/\/scorexcompany.com\/index.php\/wp-json\/wp\/v2\/pages\/308","targetHints":{"allow":["GET"]}}],"collection":[{"href":"https:\/\/scorexcompany.com\/index.php\/wp-json\/wp\/v2\/pages"}],"about":[{"href":"https:\/\/scorexcompany.com\/index.php\/wp-json\/wp\/v2\/types\/page"}],"author":[{"embeddable":true,"href":"https:\/\/scorexcompany.com\/index.php\/wp-json\/wp\/v2\/users\/1"}],"replies":[{"embeddable":true,"href":"https:\/\/scorexcompany.com\/index.php\/wp-json\/wp\/v2\/comments?post=308"}],"version-history":[{"count":14,"href":"https:\/\/scorexcompany.com\/index.php\/wp-json\/wp\/v2\/pages\/308\/revisions"}],"predecessor-version":[{"id":463,"href":"https:\/\/scorexcompany.com\/index.php\/wp-json\/wp\/v2\/pages\/308\/revisions\/463"}],"wp:attachment":[{"href":"https:\/\/scorexcompany.com\/index.php\/wp-json\/wp\/v2\/media?parent=308"}],"curies":[{"name":"wp","href":"https:\/\/api.w.org\/{rel}","templated":true}]}}