{"id":349,"date":"2021-10-04T01:19:48","date_gmt":"2021-10-04T01:19:48","guid":{"rendered":"http:\/\/scorexcompany.com\/?page_id=349"},"modified":"2021-10-12T00:58:58","modified_gmt":"2021-10-12T00:58:58","slug":"modelo-de-estimacion-de-probabilidad-de-insolvencia","status":"publish","type":"page","link":"https:\/\/scorexcompany.com\/index.php\/modelo-de-estimacion-de-probabilidad-de-insolvencia\/","title":{"rendered":"MODELO DE ESTIMACI\u00d3N DE PROBABILIDAD DE INSOLVENCIA DE LAS EMPRESAS"},"content":{"rendered":"\n<div class=\"wp-block-cover alignfull has-nv-site-bg-background-color has-background-dim\" style=\"min-height:320px;aspect-ratio:unset;\"><div class=\"wp-block-cover__inner-container is-layout-flow wp-block-cover-is-layout-flow\">\n<div class=\"wp-block-group\"><div class=\"wp-block-group__inner-container is-layout-flow wp-block-group-is-layout-flow\">\n<div class=\"wp-block-columns are-vertically-aligned-center is-layout-flex wp-container-core-columns-is-layout-9d6595d7 wp-block-columns-is-layout-flex\">\n<div class=\"wp-block-column is-vertically-aligned-center is-layout-flow wp-block-column-is-layout-flow\" style=\"flex-basis:70%\">\n<p class=\"has-neve-text-color-color has-text-color\" style=\"font-size:22px\">Estima la probabilidad de insolvencia de las empresas a partir de una serie de rubros de los estados financieros, permitiendo tomar las mejores decisiones asociadas al riesgo que ello representa. <\/p>\n<\/div>\n\n\n\n<div class=\"wp-block-column is-vertically-aligned-center is-layout-flow wp-block-column-is-layout-flow\" style=\"flex-basis:30%\"><\/div>\n<\/div>\n<\/div><\/div>\n<\/div><\/div>\n\n\n\n<div class=\"wp-block-cover alignfull has-nv-light-bg-background-color has-background-dim\" style=\"min-height:600px;aspect-ratio:unset;\"><div class=\"wp-block-cover__inner-container is-layout-flow wp-block-cover-is-layout-flow\">\n<div class=\"wp-block-group\"><div class=\"wp-block-group__inner-container is-layout-flow wp-block-group-is-layout-flow\">\n<div style=\"height:80px\" aria-hidden=\"true\" class=\"wp-block-spacer\"><\/div>\n\n\n\n<div class=\"wp-block-columns is-layout-flex wp-container-core-columns-is-layout-9d6595d7 wp-block-columns-is-layout-flex\">\n<div class=\"wp-block-column is-layout-flow wp-block-column-is-layout-flow\" style=\"flex-basis:66.79%\">\n<figure class=\"wp-block-image size-large is-resized\"><img loading=\"lazy\" decoding=\"async\" src=\"http:\/\/scorexcompany.com\/wp-content\/uploads\/2021\/10\/Insolvencia-1024x654.jpg\" alt=\"modelo de insolvencia de empresas\" class=\"wp-image-357\" width=\"512\" height=\"327\" srcset=\"https:\/\/scorexcompany.com\/wp-content\/uploads\/2021\/10\/Insolvencia-1024x654.jpg 1024w, https:\/\/scorexcompany.com\/wp-content\/uploads\/2021\/10\/Insolvencia-300x192.jpg 300w, https:\/\/scorexcompany.com\/wp-content\/uploads\/2021\/10\/Insolvencia-768x491.jpg 768w, https:\/\/scorexcompany.com\/wp-content\/uploads\/2021\/10\/Insolvencia-1536x982.jpg 1536w, https:\/\/scorexcompany.com\/wp-content\/uploads\/2021\/10\/Insolvencia-2048x1309.jpg 2048w\" sizes=\"auto, (max-width: 512px) 100vw, 512px\" \/><\/figure>\n\n\n\n<div style=\"height:40px\" aria-hidden=\"true\" class=\"wp-block-spacer\"><\/div>\n<\/div>\n\n\n\n<div class=\"wp-block-column is-layout-flow wp-block-column-is-layout-flow\" style=\"flex-basis:55%\">\n<p><span class=\"has-inline-color has-neve-text-color-color\">Estima la probabilidad de insolvencia de las empresas a partir de una serie de rubros de los estados financieros. Este modelo de scoring considera todas las variables t\u00edpicas empleadas en el an\u00e1lisis financiero de las empresas y logra de muy buena manera calificar el riesgo de los clientes empresariales, permitiendo tomar las mejores decisiones asociadas al riesgo que ellos representan. <\/span><\/p>\n\n\n\n<p><span class=\"has-inline-color has-neve-text-color-color\">Se ofrece correr el modelo para la base de clientes empresariales de la entidad y as\u00ed lograr la matriz de distribuci\u00f3n, verificando todas las medidas de desempe\u00f1o del modelo para su base de clientes.<\/span><\/p>\n\n\n\n<div class=\"wp-block-buttons is-layout-flex wp-block-buttons-is-layout-flex\">\n<div class=\"wp-block-button\"><a class=\"wp-block-button__link\" href=\"http:\/\/scorexcompany.com\/index.php\/15c42-web-agency-gb-contact-us\/\">IMPLEMENTE ESTA SOLUCI\u00d3N<\/a><\/div>\n<\/div>\n\n\n\n<hr class=\"wp-block-separator is-style-wide\"\/>\n<\/div>\n<\/div>\n\n\n\n<div style=\"height:40px\" aria-hidden=\"true\" class=\"wp-block-spacer\"><\/div>\n<\/div><\/div>\n<\/div><\/div>\n\n\n\n<div class=\"wp-block-cover alignfull has-nv-site-bg-background-color has-background-dim\" style=\"min-height:600px;aspect-ratio:unset;\"><div class=\"wp-block-cover__inner-container is-layout-flow wp-block-cover-is-layout-flow\">\n<div class=\"wp-block-group\"><div class=\"wp-block-group__inner-container is-layout-flow wp-block-group-is-layout-flow\">\n<div style=\"height:80px\" aria-hidden=\"true\" class=\"wp-block-spacer\"><\/div>\n\n\n\n<h2 class=\"has-neve-text-color-color has-text-color wp-block-heading\">OTROS MODELOS<\/h2>\n\n\n\n<div style=\"height:20px\" aria-hidden=\"true\" class=\"wp-block-spacer\"><\/div>\n\n\n\n<div class=\"wp-block-columns are-vertically-aligned-center is-layout-flex wp-container-core-columns-is-layout-9d6595d7 wp-block-columns-is-layout-flex\">\n<div class=\"wp-block-column is-vertically-aligned-center is-layout-flow wp-block-column-is-layout-flow\" style=\"flex-basis:50%\">\n<figure class=\"wp-block-image size-large\"><a href=\"http:\/\/scorexcompany.com\/index.php\/modelo-scoring-de-cobranza\/\"><img loading=\"lazy\" decoding=\"async\" width=\"1024\" height=\"768\" src=\"http:\/\/scorexcompany.com\/wp-content\/uploads\/2021\/10\/Cobranza-edited-1024x768.jpg\" alt=\"\" class=\"wp-image-359\" srcset=\"https:\/\/scorexcompany.com\/wp-content\/uploads\/2021\/10\/Cobranza-edited-1024x768.jpg 1024w, https:\/\/scorexcompany.com\/wp-content\/uploads\/2021\/10\/Cobranza-edited-300x225.jpg 300w, https:\/\/scorexcompany.com\/wp-content\/uploads\/2021\/10\/Cobranza-edited-768x576.jpg 768w, https:\/\/scorexcompany.com\/wp-content\/uploads\/2021\/10\/Cobranza-edited-1536x1153.jpg 1536w, https:\/\/scorexcompany.com\/wp-content\/uploads\/2021\/10\/Cobranza-edited-2048x1537.jpg 2048w\" sizes=\"auto, (max-width: 1024px) 100vw, 1024px\" \/><\/a><\/figure>\n\n\n\n<h3 class=\"wp-block-heading\"><span class=\"has-inline-color has-neve-text-color-color\"><strong><strong><a href=\"http:\/\/scorexcompany.com\/index.php\/modelo-scoring-de-cobranza\/\">MODELO DE SCORING DE COBRANZA<\/a><\/strong><\/strong><\/span><\/h3>\n\n\n\n<div style=\"height:40px\" aria-hidden=\"true\" class=\"wp-block-spacer\"><\/div>\n<\/div>\n\n\n\n<div class=\"wp-block-column is-vertically-aligned-center is-layout-flow wp-block-column-is-layout-flow\" style=\"flex-basis:50%\">\n<figure class=\"wp-block-image size-large\"><a href=\"http:\/\/scorexcompany.com\/index.php\/modelo-de-aprobacion-para-clientes-nuevos-de-consumo-hipotecario-o-vehiculos\/\"><img loading=\"lazy\" decoding=\"async\" width=\"1024\" height=\"769\" src=\"http:\/\/scorexcompany.com\/wp-content\/uploads\/2021\/10\/Credito-1024x769.jpg\" alt=\"modelo financiero de aprobacion para clientes\" class=\"wp-image-360\" srcset=\"https:\/\/scorexcompany.com\/wp-content\/uploads\/2021\/10\/Credito-1024x769.jpg 1024w, https:\/\/scorexcompany.com\/wp-content\/uploads\/2021\/10\/Credito-300x225.jpg 300w, https:\/\/scorexcompany.com\/wp-content\/uploads\/2021\/10\/Credito-768x577.jpg 768w, https:\/\/scorexcompany.com\/wp-content\/uploads\/2021\/10\/Credito-1536x1153.jpg 1536w, https:\/\/scorexcompany.com\/wp-content\/uploads\/2021\/10\/Credito-2048x1538.jpg 2048w\" sizes=\"auto, (max-width: 1024px) 100vw, 1024px\" \/><\/a><\/figure>\n\n\n\n<h3 class=\"wp-block-heading\"><span class=\"has-inline-color has-neve-text-color-color\"><strong><strong><a href=\"http:\/\/scorexcompany.com\/index.php\/modelo-de-aprobacion-para-clientes-nuevos-de-consumo-hipotecario-o-vehiculos\/\">MODELO DE APROBACI\u00d3N PARA CLIENTES NUEVOS DE CONSUMO, HIPOTECARIO o VEH\u00cdCULOS<\/a><\/strong><\/strong><\/span><\/h3>\n\n\n\n<div style=\"height:40px\" aria-hidden=\"true\" class=\"wp-block-spacer\"><\/div>\n<\/div>\n<\/div>\n\n\n\n<div style=\"height:40px\" aria-hidden=\"true\" class=\"wp-block-spacer\"><\/div>\n<\/div><\/div>\n<\/div><\/div>\n\n\n\n<div class=\"wp-block-cover alignfull has-nv-light-bg-background-color has-background-dim\" style=\"min-height:453px;aspect-ratio:unset;\"><div class=\"wp-block-cover__inner-container is-layout-flow wp-block-cover-is-layout-flow\">\n<h2 class=\"has-text-align-center has-nv-text-dark-bg-color has-text-color wp-block-heading\"><span class=\"has-inline-color has-neve-text-color-color\">En tiempos de crisis<\/span><\/h2>\n\n\n\n<p class=\"has-text-align-center has-medium-font-size\"><span class=\"has-inline-color has-neve-text-color-color\">Estimar el riesgo de insolvencia de tu base de clientes y de tus prospectos es vital para la sostenibilidad de tu negocio.<\/span><\/p>\n\n\n\n<div class=\"wp-block-buttons is-content-justification-center is-layout-flex wp-block-buttons-is-layout-flex\">\n<div class=\"wp-block-button has-custom-width wp-block-button__width-75 is-style-primary\"><a class=\"wp-block-button__link\" href=\"http:\/\/scorexcompany.com\/index.php\/contact-us\/\">D\u00e9janos Asesorarte<\/a><\/div>\n<\/div>\n\n\n\n<p><\/p>\n\n\n\n<p><\/p>\n<\/div><\/div>\n\n\n\n<p><\/p>\n","protected":false},"excerpt":{"rendered":"","protected":false},"author":1,"featured_media":0,"parent":0,"menu_order":0,"comment_status":"closed","ping_status":"closed","template":"","meta":{"om_disable_all_campaigns":false,"_monsterinsights_skip_tracking":false,"_monsterinsights_sitenote_active":false,"_monsterinsights_sitenote_note":"","_monsterinsights_sitenote_category":0,"neve_meta_sidebar":"","neve_meta_container":"contained","neve_meta_enable_content_width":"on","neve_meta_content_width":100,"neve_meta_title_alignment":"","neve_meta_author_avatar":"","neve_post_elements_order":"","neve_meta_disable_header":"","neve_meta_disable_footer":"","neve_meta_disable_title":"","_ti_tpc_template_sync":false,"_ti_tpc_template_id":"","footnotes":""},"class_list":["post-349","page","type-page","status-publish","hentry"],"aioseo_notices":[],"_links":{"self":[{"href":"https:\/\/scorexcompany.com\/index.php\/wp-json\/wp\/v2\/pages\/349","targetHints":{"allow":["GET"]}}],"collection":[{"href":"https:\/\/scorexcompany.com\/index.php\/wp-json\/wp\/v2\/pages"}],"about":[{"href":"https:\/\/scorexcompany.com\/index.php\/wp-json\/wp\/v2\/types\/page"}],"author":[{"embeddable":true,"href":"https:\/\/scorexcompany.com\/index.php\/wp-json\/wp\/v2\/users\/1"}],"replies":[{"embeddable":true,"href":"https:\/\/scorexcompany.com\/index.php\/wp-json\/wp\/v2\/comments?post=349"}],"version-history":[{"count":11,"href":"https:\/\/scorexcompany.com\/index.php\/wp-json\/wp\/v2\/pages\/349\/revisions"}],"predecessor-version":[{"id":444,"href":"https:\/\/scorexcompany.com\/index.php\/wp-json\/wp\/v2\/pages\/349\/revisions\/444"}],"wp:attachment":[{"href":"https:\/\/scorexcompany.com\/index.php\/wp-json\/wp\/v2\/media?parent=349"}],"curies":[{"name":"wp","href":"https:\/\/api.w.org\/{rel}","templated":true}]}}