{"id":71,"date":"2020-01-27T08:15:05","date_gmt":"2020-01-27T08:15:05","guid":{"rendered":"https:\/\/demosites.io\/web-agency-gb\/?page_id=71"},"modified":"2021-10-15T13:36:35","modified_gmt":"2021-10-15T13:36:35","slug":"modelo-scoring-de-cobranza","status":"publish","type":"page","link":"https:\/\/scorexcompany.com\/index.php\/modelo-scoring-de-cobranza\/","title":{"rendered":"MODELO DE SCORING DE COBRANZA"},"content":{"rendered":"\n<p><\/p>\n\n\n\n<h1 class=\"wp-block-heading\">MODELO DE SCORING DE COBRANZA<\/h1>\n\n\n\n<div class=\"wp-block-cover alignfull has-nv-site-bg-background-color has-background-dim\" style=\"min-height:320px;aspect-ratio:unset;\"><div class=\"wp-block-cover__inner-container is-layout-flow wp-block-cover-is-layout-flow\">\n<div class=\"wp-block-group\"><div class=\"wp-block-group__inner-container is-layout-flow wp-block-group-is-layout-flow\">\n<div class=\"wp-block-columns are-vertically-aligned-center is-layout-flex wp-container-core-columns-is-layout-9d6595d7 wp-block-columns-is-layout-flex\">\n<div class=\"wp-block-column is-vertically-aligned-center is-layout-flow wp-block-column-is-layout-flow\" style=\"flex-basis:70%\">\n<p class=\"has-neve-text-color-color has-text-color\" style=\"font-size:22px\">Estima la probabilidad de deterioro de cada una de las operaciones con saldo de cartera a fin de mes.<\/p>\n<\/div>\n\n\n\n<div class=\"wp-block-column is-vertically-aligned-center is-layout-flow wp-block-column-is-layout-flow\" style=\"flex-basis:30%\"><\/div>\n<\/div>\n<\/div><\/div>\n<\/div><\/div>\n\n\n\n<div class=\"wp-block-cover alignfull has-nv-light-bg-background-color has-background-dim\" style=\"min-height:600px;aspect-ratio:unset;\"><div class=\"wp-block-cover__inner-container is-layout-flow wp-block-cover-is-layout-flow\">\n<div class=\"wp-block-group\"><div class=\"wp-block-group__inner-container is-layout-flow wp-block-group-is-layout-flow\">\n<div style=\"height:80px\" aria-hidden=\"true\" class=\"wp-block-spacer\"><\/div>\n\n\n\n<div class=\"wp-block-columns is-layout-flex wp-container-core-columns-is-layout-9d6595d7 wp-block-columns-is-layout-flex\">\n<div class=\"wp-block-column is-layout-flow wp-block-column-is-layout-flow\" style=\"flex-basis:40%\">\n<div class=\"wp-block-image\"><figure class=\"alignleft size-large is-resized\"><img decoding=\"async\" src=\"http:\/\/scorexcompany.com\/wp-content\/uploads\/2021\/10\/Cobranza-edited-scaled.jpg\" alt=\"\" class=\"wp-image-359\" width=\"461\" srcset=\"https:\/\/scorexcompany.com\/wp-content\/uploads\/2021\/10\/Cobranza-edited-scaled.jpg 2560w, https:\/\/scorexcompany.com\/wp-content\/uploads\/2021\/10\/Cobranza-edited-300x225.jpg 300w, https:\/\/scorexcompany.com\/wp-content\/uploads\/2021\/10\/Cobranza-edited-1024x768.jpg 1024w, https:\/\/scorexcompany.com\/wp-content\/uploads\/2021\/10\/Cobranza-edited-768x576.jpg 768w, https:\/\/scorexcompany.com\/wp-content\/uploads\/2021\/10\/Cobranza-edited-1536x1153.jpg 1536w, https:\/\/scorexcompany.com\/wp-content\/uploads\/2021\/10\/Cobranza-edited-2048x1537.jpg 2048w\" sizes=\"(max-width: 2560px) 100vw, 2560px\" \/><\/figure><\/div>\n\n\n\n<div style=\"height:40px\" aria-hidden=\"true\" class=\"wp-block-spacer\"><\/div>\n<\/div>\n\n\n\n<div class=\"wp-block-column is-layout-flow wp-block-column-is-layout-flow\" style=\"flex-basis:55%\">\n<p><\/p>\n\n\n\n<p class=\"has-neve-text-color-color has-text-color\">El modelo tiene en consideraci\u00f3n variables como la historia de comportamiento de pagos del cliente con la entidad, informaci\u00f3n sociodemogr\u00e1fica en personas naturales y\/o aspectos cualitativos de la empresa, caracter\u00edsticas de la obligaci\u00f3n (tipo de cr\u00e9dito, cuota inicial en cr\u00e9dito de veh\u00edculo o cr\u00e9dito hipotecario, plazo, tipo de amortizaci\u00f3n, saldo, altura de cuota, etc.) y tambi\u00e9n las gestiones y resultados que ha tenido que adelantar el \u00e1rea de cobranza con el cliente en su historial de pagos del cr\u00e9dito. Este pron\u00f3stico es el argumento esencial para construir todo el esquema de una Gesti\u00f3n Estrat\u00e9gica de Cobranza.<\/p>\n\n\n\n<div class=\"wp-block-buttons is-layout-flex wp-block-buttons-is-layout-flex\"><\/div>\n\n\n\n<hr class=\"wp-block-separator is-style-wide\"\/>\n<\/div>\n<\/div>\n\n\n\n<div style=\"height:40px\" aria-hidden=\"true\" class=\"wp-block-spacer\"><\/div>\n<\/div><\/div>\n<\/div><\/div>\n\n\n\n<div class=\"wp-block-cover alignfull has-nv-site-bg-background-color has-background-dim\" style=\"min-height:1077px;aspect-ratio:unset;\"><div class=\"wp-block-cover__inner-container is-layout-flow wp-block-cover-is-layout-flow\">\n<div class=\"wp-block-group\"><div class=\"wp-block-group__inner-container is-layout-flow wp-block-group-is-layout-flow\">\n<div style=\"height:80px\" aria-hidden=\"true\" class=\"wp-block-spacer\"><\/div>\n\n\n\n<h2 class=\"has-neve-text-color-color has-text-color wp-block-heading\">OTROS MODELOS<\/h2>\n\n\n\n<div style=\"height:20px\" aria-hidden=\"true\" class=\"wp-block-spacer\"><\/div>\n\n\n\n<div class=\"wp-block-columns are-vertically-aligned-center is-layout-flex wp-container-core-columns-is-layout-9d6595d7 wp-block-columns-is-layout-flex\">\n<div class=\"wp-block-column is-vertically-aligned-center is-layout-flow wp-block-column-is-layout-flow\" style=\"flex-basis:50%\">\n<figure class=\"wp-block-image size-large\"><a href=\"http:\/\/scorexcompany.com\/index.php\/modelo-de-estimacion-de-probabilidad-de-insolvencia\/\"><img loading=\"lazy\" decoding=\"async\" width=\"1024\" height=\"654\" src=\"http:\/\/scorexcompany.com\/wp-content\/uploads\/2021\/10\/Insolvencia-1024x654.jpg\" alt=\"\" class=\"wp-image-357\" srcset=\"https:\/\/scorexcompany.com\/wp-content\/uploads\/2021\/10\/Insolvencia-1024x654.jpg 1024w, https:\/\/scorexcompany.com\/wp-content\/uploads\/2021\/10\/Insolvencia-300x192.jpg 300w, https:\/\/scorexcompany.com\/wp-content\/uploads\/2021\/10\/Insolvencia-768x491.jpg 768w, https:\/\/scorexcompany.com\/wp-content\/uploads\/2021\/10\/Insolvencia-1536x982.jpg 1536w, https:\/\/scorexcompany.com\/wp-content\/uploads\/2021\/10\/Insolvencia-2048x1309.jpg 2048w\" sizes=\"auto, (max-width: 1024px) 100vw, 1024px\" \/><\/a><\/figure>\n\n\n\n<h3 class=\"wp-block-heading\"><span class=\"has-inline-color has-neve-text-color-color\"><strong><a href=\"http:\/\/scorexcompany.com\/index.php\/modelo-de-estimacion-de-probabilidad-de-insolvencia\/\">MODELO DE ESTIMACI\u00d3N DE PROBABILIDAD DE INSOLVENCIA DE LAS EMPRESAS<\/a><\/strong><\/span><\/h3>\n\n\n\n<div style=\"height:40px\" aria-hidden=\"true\" class=\"wp-block-spacer\"><\/div>\n<\/div>\n\n\n\n<div class=\"wp-block-column is-vertically-aligned-center is-layout-flow wp-block-column-is-layout-flow\" style=\"flex-basis:50%\">\n<figure class=\"wp-block-image size-large\"><a href=\"http:\/\/scorexcompany.com\/index.php\/modelo-de-aprobacion-para-clientes-nuevos-de-consumo-hipotecario-o-vehiculos\/\"><img loading=\"lazy\" decoding=\"async\" width=\"1024\" height=\"769\" src=\"http:\/\/scorexcompany.com\/wp-content\/uploads\/2021\/10\/Credito-1024x769.jpg\" alt=\"\" class=\"wp-image-360\" srcset=\"https:\/\/scorexcompany.com\/wp-content\/uploads\/2021\/10\/Credito-1024x769.jpg 1024w, https:\/\/scorexcompany.com\/wp-content\/uploads\/2021\/10\/Credito-300x225.jpg 300w, https:\/\/scorexcompany.com\/wp-content\/uploads\/2021\/10\/Credito-768x577.jpg 768w, https:\/\/scorexcompany.com\/wp-content\/uploads\/2021\/10\/Credito-1536x1153.jpg 1536w, https:\/\/scorexcompany.com\/wp-content\/uploads\/2021\/10\/Credito-2048x1538.jpg 2048w\" sizes=\"auto, (max-width: 1024px) 100vw, 1024px\" \/><\/a><\/figure>\n\n\n\n<h3 class=\"wp-block-heading\"><span class=\"has-inline-color has-neve-text-color-color\"><strong><strong><a href=\"http:\/\/scorexcompany.com\/index.php\/modelo-de-aprobacion-para-clientes-nuevos-de-consumo-hipotecario-o-vehiculos\/\">MODELO DE APROBACI\u00d3N PARA CLIENTES NUEVOS DE CONSUMO, HIPOTECARIO o VEH\u00cdCULOS<\/a><\/strong><\/strong><\/span><\/h3>\n\n\n\n<div style=\"height:40px\" aria-hidden=\"true\" class=\"wp-block-spacer\"><\/div>\n<\/div>\n<\/div>\n\n\n\n<div style=\"height:40px\" aria-hidden=\"true\" class=\"wp-block-spacer\"><\/div>\n<\/div><\/div>\n<\/div><\/div>\n\n\n\n<div class=\"wp-block-cover alignfull has-nv-light-bg-background-color has-background-dim\" style=\"min-height:300px;aspect-ratio:unset;\"><div class=\"wp-block-cover__inner-container is-layout-flow wp-block-cover-is-layout-flow\">\n<div style=\"height:100px\" aria-hidden=\"true\" class=\"wp-block-spacer\"><\/div>\n\n\n\n<h2 class=\"has-text-align-center has-nv-text-dark-bg-color has-text-color wp-block-heading\"><span class=\"has-inline-color has-neve-text-color-color\">Para una mejor cartera<\/span><\/h2>\n\n\n\n<p class=\"has-text-align-center has-medium-font-size\"><span class=\"has-inline-color has-neve-text-color-color\">Conocer t\u00e9cnicamente el riesgo de deterioro de cada cliente de la cartera es fundamental para implementar la debida gesti\u00f3n estrat\u00e9gica de cobranza, focalizando recursos y logrando los resultados deseados por la entidad, cumpliendo a su vez con el prop\u00f3sito de fidelizar la base de buenos clientes.<\/span><\/p>\n\n\n\n<div class=\"wp-block-buttons is-content-justification-center is-layout-flex wp-block-buttons-is-layout-flex\">\n<div class=\"wp-block-button has-custom-width wp-block-button__width-75 is-style-primary\"><a class=\"wp-block-button__link\" href=\"http:\/\/scorexcompany.com\/index.php\/contact-us\/\">DESARROLLA TU MODEL DE SCORING DE COBRANZA<\/a><\/div>\n<\/div>\n\n\n\n<div style=\"height:100px\" aria-hidden=\"true\" class=\"wp-block-spacer\"><\/div>\n<\/div><\/div>\n\n\n\n<div class=\"wp-block-columns is-layout-flex wp-container-core-columns-is-layout-9d6595d7 wp-block-columns-is-layout-flex\">\n<div class=\"wp-block-column is-layout-flow wp-block-column-is-layout-flow\" style=\"flex-basis:2316px\"><\/div>\n\n\n\n<div class=\"wp-block-column is-layout-flow wp-block-column-is-layout-flow\" style=\"flex-basis:0\"><\/div>\n<\/div>\n","protected":false},"excerpt":{"rendered":"<p>MODELO DE SCORING DE COBRANZA<\/p>\n","protected":false},"author":1,"featured_media":0,"parent":0,"menu_order":0,"comment_status":"closed","ping_status":"closed","template":"","meta":{"om_disable_all_campaigns":false,"_monsterinsights_skip_tracking":false,"_monsterinsights_sitenote_active":false,"_monsterinsights_sitenote_note":"","_monsterinsights_sitenote_category":0,"neve_meta_sidebar":"default","neve_meta_container":"","neve_meta_enable_content_width":"on","neve_meta_content_width":100,"neve_meta_title_alignment":"","neve_meta_author_avatar":"","neve_post_elements_order":"","neve_meta_disable_header":"","neve_meta_disable_footer":"","neve_meta_disable_title":"on","_ti_tpc_template_sync":false,"_ti_tpc_template_id":"bhii09ux20eago4lvw13","footnotes":""},"class_list":["post-71","page","type-page","status-publish","hentry"],"aioseo_notices":[],"_links":{"self":[{"href":"https:\/\/scorexcompany.com\/index.php\/wp-json\/wp\/v2\/pages\/71","targetHints":{"allow":["GET"]}}],"collection":[{"href":"https:\/\/scorexcompany.com\/index.php\/wp-json\/wp\/v2\/pages"}],"about":[{"href":"https:\/\/scorexcompany.com\/index.php\/wp-json\/wp\/v2\/types\/page"}],"author":[{"embeddable":true,"href":"https:\/\/scorexcompany.com\/index.php\/wp-json\/wp\/v2\/users\/1"}],"replies":[{"embeddable":true,"href":"https:\/\/scorexcompany.com\/index.php\/wp-json\/wp\/v2\/comments?post=71"}],"version-history":[{"count":16,"href":"https:\/\/scorexcompany.com\/index.php\/wp-json\/wp\/v2\/pages\/71\/revisions"}],"predecessor-version":[{"id":455,"href":"https:\/\/scorexcompany.com\/index.php\/wp-json\/wp\/v2\/pages\/71\/revisions\/455"}],"wp:attachment":[{"href":"https:\/\/scorexcompany.com\/index.php\/wp-json\/wp\/v2\/media?parent=71"}],"curies":[{"name":"wp","href":"https:\/\/api.w.org\/{rel}","templated":true}]}}